{"id":3242,"date":"2026-03-24T16:13:17","date_gmt":"2026-03-24T16:13:17","guid":{"rendered":"https:\/\/smartbizhn.com\/?page_id=3242"},"modified":"2026-03-24T16:13:18","modified_gmt":"2026-03-24T16:13:18","slug":"garantia","status":"publish","type":"page","link":"https:\/\/smartbizhn.com\/en\/garantia\/","title":{"rendered":"Garant\u00eda"},"content":{"rendered":"<p class=\"wp-block-wd-paragraph wd-4db9c6d4\"><strong>Smartbiz<\/strong><br><em>Wholesale Business<\/em><\/p>\n\n\n\n<p class=\"wp-block-wd-paragraph wd-bdf2a80f\"><strong>T\u00c9RMINOS DE GARANT\u00cdA<\/strong><\/p>\n\n\n\n<p class=\"wp-block-wd-paragraph wd-0d2e7c89\"><strong>SMARTBIZ HONDURAS S. DE R.L.<\/strong> En calidad de proveedor en el sector tecnol\u00f3gico y promocional, respalda la excelencia de sus productos mediante una garant\u00eda corporativa que refleja nuestro compromiso con la calidad, la confianza y la satisfacci\u00f3n de nuestros clientes.<\/p>\n\n\n\n<div class=\"wp-block-wd-divider wd-style-line wd-1f6f5295\"><\/div>\n\n\n\n<p class=\"wp-block-wd-paragraph wd-63b9477f\"><strong>I. COBERTURA DE LA GARANT\u00cdA<\/strong><\/p>\n\n\n\n<p class=\"wp-block-wd-paragraph wd-4352e56b\">La presente garant\u00eda cubre estrictamente defectos de fabricaci\u00f3n y fallas t\u00e9cnicas comprobadas en los productos adquiridos. Durante el per\u00edodo de dos (2) meses, contados a partir de la fecha de compra, el cliente tendr\u00e1 derecho a la reparaci\u00f3n o sustituci\u00f3n del producto, seg\u00fan corresponda, sin costo adicional.<\/p>\n\n\n\n<div class=\"wp-block-wd-divider wd-style-line wd-2bce633d\"><\/div>\n\n\n\n<p class=\"wp-block-wd-paragraph wd-e5877e9e\"><strong>II. EXCLUSIONES<\/strong><\/p>\n\n\n\n<p class=\"wp-block-wd-paragraph wd-5cef0d4c\">Quedan excluidos de esta garant\u00eda los da\u00f1os ocasionados por mal uso, golpes, ca\u00eddas, exposici\u00f3n a humedad, alteraciones de software o hardware, as\u00ed como cualquier manipulaci\u00f3n no autorizada del producto. Asimismo, no se cubren accesorios, cargadores, aud\u00edfonos ni la p\u00e9rdida de informaci\u00f3n contenida en los equipos.<\/p>\n\n\n\n<div class=\"wp-block-wd-divider wd-style-line wd-ccadcd83\"><\/div>\n\n\n\n<p class=\"wp-block-wd-paragraph wd-afb79c4f\"><strong>III. CONDICIONES PARA LA VALIDEZ<\/strong><\/p>\n\n\n\n<p class=\"wp-block-wd-paragraph wd-64d410e0\">Para hacer efectiva la garant\u00eda, el cliente deber\u00e1 presentar la factura original de compra y entregar el producto con su respectivo empaque y accesorios completos.<\/p>\n\n\n\n<div class=\"wp-block-wd-divider wd-style-line wd-8c7cf010\"><\/div>\n\n\n\n<p class=\"wp-block-wd-paragraph wd-6c87edf2\"><strong>IV. DECLARACI\u00d3N CORPORATIVA<\/strong><\/p>\n\n\n\n<p class=\"wp-block-wd-paragraph wd-70501d6a\">Smartbiz Honduras S. de R.L. reafirma su compromiso con altos est\u00e1ndares de calidad y servicio. Nuestra misi\u00f3n es proporcionar soluciones tecnol\u00f3gicas confiables que fortalezcan las operaciones de nuestros clientes y generen relaciones comerciales sostenibles en el tiempo.<\/p>\n\n\n\n<div class=\"wp-block-wd-divider wd-style-line wd-91b5b9a6\"><\/div>\n\n\n\n<p class=\"wp-block-wd-paragraph wd-7e2c5ac9\">Smartbiz Honduras S. de R.L. \u2013 Wholesale Business<br>RTN: 08019019106124 | Tel: +504 3386-3553 | Email: <a>fmadrid@smartbizhn.com<\/a><\/p>","protected":false},"excerpt":{"rendered":"","protected":false},"author":3,"featured_media":0,"parent":0,"menu_order":0,"comment_status":"closed","ping_status":"closed","template":"","meta":{"_joinchat":[],"footnotes":""},"class_list":["post-3242","page","type-page","status-publish","hentry"],"_hostinger_reach_plugin_has_subscription_block":false,"_hostinger_reach_plugin_is_elementor":false,"_links":{"self":[{"href":"https:\/\/smartbizhn.com\/en\/wp-json\/wp\/v2\/pages\/3242","targetHints":{"allow":["GET"]}}],"collection":[{"href":"https:\/\/smartbizhn.com\/en\/wp-json\/wp\/v2\/pages"}],"about":[{"href":"https:\/\/smartbizhn.com\/en\/wp-json\/wp\/v2\/types\/page"}],"author":[{"embeddable":true,"href":"https:\/\/smartbizhn.com\/en\/wp-json\/wp\/v2\/users\/3"}],"replies":[{"embeddable":true,"href":"https:\/\/smartbizhn.com\/en\/wp-json\/wp\/v2\/comments?post=3242"}],"version-history":[{"count":1,"href":"https:\/\/smartbizhn.com\/en\/wp-json\/wp\/v2\/pages\/3242\/revisions"}],"predecessor-version":[{"id":3243,"href":"https:\/\/smartbizhn.com\/en\/wp-json\/wp\/v2\/pages\/3242\/revisions\/3243"}],"wp:attachment":[{"href":"https:\/\/smartbizhn.com\/en\/wp-json\/wp\/v2\/media?parent=3242"}],"curies":[{"name":"wp","href":"https:\/\/api.w.org\/{rel}","templated":true}]}}