{"id":941,"date":"2025-12-29T14:41:43","date_gmt":"2025-12-29T14:41:43","guid":{"rendered":"https:\/\/dummy.xtemos.com\/woodmart2\/electronics-3-elementor\/?page_id=941"},"modified":"2026-03-25T01:10:44","modified_gmt":"2026-03-25T01:10:44","slug":"contacto","status":"publish","type":"page","link":"https:\/\/smartbizhn.com\/en\/contacto\/","title":{"rendered":"Contacto"},"content":{"rendered":"<div data-elementor-type=\"wp-page\" data-elementor-id=\"941\" class=\"elementor elementor-941\">\n\t\t\t\t<div class=\"wd-negative-gap elementor-element elementor-element-0a8adda e-flex e-con-boxed e-con e-parent\" data-id=\"0a8adda\" data-element_type=\"container\" data-e-type=\"container\">\n\t\t\t\t\t<div class=\"e-con-inner\">\n\t\t\t\t<div class=\"elementor-element elementor-element-3f9983d wd-el-breadcrumbs text-left elementor-widget elementor-widget-wd_element_breadcrumbs\" data-id=\"3f9983d\" data-element_type=\"widget\" data-e-type=\"widget\" data-widget_type=\"wd_element_breadcrumbs.default\">\n\t\t\t\t<div class=\"elementor-widget-container\">\n\t\t\t\t\t<nav class=\"wd-breadcrumbs\"><a href=\"https:\/\/smartbizhn.com\/en\/\">Home<\/a><span class=\"wd-delimiter\"><\/span><span class=\"wd-last\">Page<\/span><\/nav>\t\t\t\t<\/div>\n\t\t\t\t<\/div>\n\t\t\t\t<div class=\"elementor-element elementor-element-341c540 wd-el-page-heading text-left elementor-widget elementor-widget-wd_page_heading\" data-id=\"341c540\" data-element_type=\"widget\" data-e-type=\"widget\" data-widget_type=\"wd_page_heading.default\">\n\t\t\t\t<div class=\"elementor-widget-container\">\n\t\t\t\t\t<h2 class=\"entry-title title\">Contacto<\/h2>\t\t\t\t<\/div>\n\t\t\t\t<\/div>\n\t\t\t\t\t<\/div>\n\t\t\t\t<\/div>\n\t\t<div class=\"wd-negative-gap elementor-element elementor-element-a9c7ec8 e-flex e-con-boxed e-con e-parent\" data-id=\"a9c7ec8\" data-element_type=\"container\" data-e-type=\"container\">\n\t\t\t\t\t<div class=\"e-con-inner\">\n\t\t\t\t<div class=\"elementor-element elementor-element-921f9b6 elementor-widget elementor-widget-google_maps\" data-id=\"921f9b6\" data-element_type=\"widget\" data-e-type=\"widget\" data-widget_type=\"google_maps.default\">\n\t\t\t\t\t\t\t<div class=\"elementor-custom-embed\">\n\t\t\t<iframe loading=\"lazy\"\n\t\t\t\t\tsrc=\"https:\/\/maps.google.com\/maps?q=banco%20atlantida%20principal%20tegucigalpa&#038;t=m&#038;z=16&#038;output=embed&#038;iwloc=near\"\n\t\t\t\t\ttitle=\"banco atlantida principal tegucigalpa\"\n\t\t\t\t\taria-label=\"banco atlantida principal tegucigalpa\"\n\t\t\t><\/iframe>\n\t\t<\/div>\n\t\t\t\t\t\t<\/div>\n\t\t\t\t\t<\/div>\n\t\t\t\t<\/div>\n\t\t<div class=\"wd-negative-gap elementor-element elementor-element-462387e e-flex e-con-boxed e-con e-parent\" data-id=\"462387e\" data-element_type=\"container\" data-e-type=\"container\">\n\t\t\t\t\t<div class=\"e-con-inner\">\n\t\t<div class=\"elementor-element elementor-element-00a0b05 e-con-full e-flex e-con e-child\" data-id=\"00a0b05\" data-element_type=\"container\" data-e-type=\"container\" data-settings=\"{&quot;background_background&quot;:&quot;classic&quot;}\">\n\t\t<div class=\"elementor-element elementor-element-522327a e-con-full e-flex e-con e-child\" data-id=\"522327a\" data-element_type=\"container\" data-e-type=\"container\">\n\t\t\t\t<div class=\"elementor-element elementor-element-098b7be elementor-widget__width-auto wd-width-100 elementor-widget elementor-widget-wd_title\" data-id=\"098b7be\" data-element_type=\"widget\" data-e-type=\"widget\" data-widget_type=\"wd_title.default\">\n\t\t\t\t<div class=\"elementor-widget-container\">\n\t\t\t\t\t\t\t<div class=\"title-wrapper wd-set-mb reset-last-child wd-title-color-default wd-title-style-default wd-title-size-default text-left\">\n\n\t\t\t\n\t\t\t<div class=\"liner-continer\">\n\t\t\t\t<h4 class=\"woodmart-title-container title wd-fontsize-l\">N\u00fameros de atenci\u00f3n<\/h4> \n\t\t\t\t\t\t\t<\/div>\n\n\t\t\t\t\t<\/div>\n\t\t\t\t\t\t<\/div>\n\t\t\t\t<\/div>\n\t\t\t\t<\/div>\n\t\t<div class=\"elementor-element elementor-element-ba2097d e-con-full e-flex e-con e-child\" data-id=\"ba2097d\" data-element_type=\"container\" data-e-type=\"container\" data-settings=\"{&quot;background_background&quot;:&quot;classic&quot;}\">\n\t\t\t\t<div class=\"elementor-element elementor-element-a2c33bc elementor-widget__width-initial elementor-widget elementor-widget-wd_image_or_svg\" data-id=\"a2c33bc\" data-element_type=\"widget\" data-e-type=\"widget\" data-widget_type=\"wd_image_or_svg.default\">\n\t\t\t\t<div class=\"elementor-widget-container\">\n\t\t\t\t\t\n\t\t<div class=\"wd-image text-left\">\n\t\t\t\t\t\t\t\t<img loading=\"lazy\" decoding=\"async\" width=\"800\" height=\"800\" src=\"https:\/\/smartbizhn.com\/wp-content\/uploads\/2026\/03\/Imagen-de-WhatsApp-2024-01-19-a-las-16.39.37_ab258721.webp\" class=\"attachment-full size-full\" alt=\"\" srcset=\"https:\/\/smartbizhn.com\/wp-content\/uploads\/2026\/03\/Imagen-de-WhatsApp-2024-01-19-a-las-16.39.37_ab258721.webp 800w, https:\/\/smartbizhn.com\/wp-content\/uploads\/2026\/03\/Imagen-de-WhatsApp-2024-01-19-a-las-16.39.37_ab258721-300x300.webp 300w, https:\/\/smartbizhn.com\/wp-content\/uploads\/2026\/03\/Imagen-de-WhatsApp-2024-01-19-a-las-16.39.37_ab258721-150x150.webp 150w, https:\/\/smartbizhn.com\/wp-content\/uploads\/2026\/03\/Imagen-de-WhatsApp-2024-01-19-a-las-16.39.37_ab258721-768x768.webp 768w, https:\/\/smartbizhn.com\/wp-content\/uploads\/2026\/03\/Imagen-de-WhatsApp-2024-01-19-a-las-16.39.37_ab258721-12x12.webp 12w, https:\/\/smartbizhn.com\/wp-content\/uploads\/2026\/03\/Imagen-de-WhatsApp-2024-01-19-a-las-16.39.37_ab258721-430x430.webp 430w, https:\/\/smartbizhn.com\/wp-content\/uploads\/2026\/03\/Imagen-de-WhatsApp-2024-01-19-a-las-16.39.37_ab258721-700x700.jpg 700w\" sizes=\"auto, (max-width: 800px) 100vw, 800px\" \/>\t\t\t\t\t<\/div>\n\n\t\t\t\t\t\t<\/div>\n\t\t\t\t<\/div>\n\t\t<div class=\"elementor-element elementor-element-831bbf3 e-con-full e-flex e-con e-child\" data-id=\"831bbf3\" data-element_type=\"container\" data-e-type=\"container\">\n\t\t\t\t<div class=\"elementor-element elementor-element-199f087 wd-width-100 elementor-widget elementor-widget-wd_title\" data-id=\"199f087\" data-element_type=\"widget\" data-e-type=\"widget\" data-widget_type=\"wd_title.default\">\n\t\t\t\t<div class=\"elementor-widget-container\">\n\t\t\t\t\t\t\t<div class=\"title-wrapper wd-set-mb reset-last-child wd-title-color-default wd-title-style-default wd-title-size-default text-left\">\n\n\t\t\t\n\t\t\t<div class=\"liner-continer\">\n\t\t\t\t<h4 class=\"woodmart-title-container title wd-fontsize-l\">Oficina<\/h4> \n\t\t\t\t\t\t\t<\/div>\n\n\t\t\t\t\t<\/div>\n\t\t\t\t\t\t<\/div>\n\t\t\t\t<\/div>\n\t\t\t\t<div class=\"elementor-element elementor-element-ec8b98e elementor-widget elementor-widget-wd_text_block\" data-id=\"ec8b98e\" data-element_type=\"widget\" data-e-type=\"widget\" data-widget_type=\"wd_text_block.default\">\n\t\t\t\t<div class=\"elementor-widget-container\">\n\t\t\t\t\t\t\t<div class=\"wd-text-block reset-last-child text-left\">\n\t\t\t\n\t\t\t<p><a href=\"http:\/\/wa.me\/%E2%80%8E50422044289\"><span class=\"elementor-icon-list-text\">\u00a0\u200e+504 2204-4289<\/span><\/a><\/p>\n\t\t\t\t\t<\/div>\n\t\t\t\t\t\t<\/div>\n\t\t\t\t<\/div>\n\t\t\t\t<\/div>\n\t\t\t\t<\/div>\n\t\t<div class=\"elementor-element elementor-element-fda3453 e-con-full e-flex e-con e-child\" data-id=\"fda3453\" data-element_type=\"container\" data-e-type=\"container\" data-settings=\"{&quot;background_background&quot;:&quot;classic&quot;}\">\n\t\t\t\t<div class=\"elementor-element elementor-element-c128afb elementor-widget__width-initial elementor-widget elementor-widget-wd_image_or_svg\" data-id=\"c128afb\" data-element_type=\"widget\" data-e-type=\"widget\" data-widget_type=\"wd_image_or_svg.default\">\n\t\t\t\t<div class=\"elementor-widget-container\">\n\t\t\t\t\t\n\t\t<div class=\"wd-image text-left\">\n\t\t\t\t\t\t\t\t<img loading=\"lazy\" decoding=\"async\" width=\"800\" height=\"800\" src=\"https:\/\/smartbizhn.com\/wp-content\/uploads\/2026\/03\/Imagen-de-WhatsApp-2024-01-19-a-las-16.39.37_ab258721.webp\" class=\"attachment-full size-full\" alt=\"\" srcset=\"https:\/\/smartbizhn.com\/wp-content\/uploads\/2026\/03\/Imagen-de-WhatsApp-2024-01-19-a-las-16.39.37_ab258721.webp 800w, https:\/\/smartbizhn.com\/wp-content\/uploads\/2026\/03\/Imagen-de-WhatsApp-2024-01-19-a-las-16.39.37_ab258721-300x300.webp 300w, https:\/\/smartbizhn.com\/wp-content\/uploads\/2026\/03\/Imagen-de-WhatsApp-2024-01-19-a-las-16.39.37_ab258721-150x150.webp 150w, https:\/\/smartbizhn.com\/wp-content\/uploads\/2026\/03\/Imagen-de-WhatsApp-2024-01-19-a-las-16.39.37_ab258721-768x768.webp 768w, https:\/\/smartbizhn.com\/wp-content\/uploads\/2026\/03\/Imagen-de-WhatsApp-2024-01-19-a-las-16.39.37_ab258721-12x12.webp 12w, https:\/\/smartbizhn.com\/wp-content\/uploads\/2026\/03\/Imagen-de-WhatsApp-2024-01-19-a-las-16.39.37_ab258721-430x430.webp 430w, https:\/\/smartbizhn.com\/wp-content\/uploads\/2026\/03\/Imagen-de-WhatsApp-2024-01-19-a-las-16.39.37_ab258721-700x700.jpg 700w\" sizes=\"auto, (max-width: 800px) 100vw, 800px\" \/>\t\t\t\t\t<\/div>\n\n\t\t\t\t\t\t<\/div>\n\t\t\t\t<\/div>\n\t\t<div class=\"elementor-element elementor-element-833aa17 e-con-full e-flex e-con e-child\" data-id=\"833aa17\" data-element_type=\"container\" data-e-type=\"container\">\n\t\t\t\t<div class=\"elementor-element elementor-element-2ec3f4d wd-width-100 elementor-widget elementor-widget-wd_title\" data-id=\"2ec3f4d\" data-element_type=\"widget\" data-e-type=\"widget\" data-widget_type=\"wd_title.default\">\n\t\t\t\t<div class=\"elementor-widget-container\">\n\t\t\t\t\t\t\t<div class=\"title-wrapper wd-set-mb reset-last-child wd-title-color-default wd-title-style-default wd-title-size-default text-left\">\n\n\t\t\t\n\t\t\t<div class=\"liner-continer\">\n\t\t\t\t<h4 class=\"woodmart-title-container title wd-fontsize-l\">Asesor<\/h4> \n\t\t\t\t\t\t\t<\/div>\n\n\t\t\t\t\t<\/div>\n\t\t\t\t\t\t<\/div>\n\t\t\t\t<\/div>\n\t\t\t\t<div class=\"elementor-element elementor-element-2f2da70 elementor-widget elementor-widget-wd_text_block\" data-id=\"2f2da70\" data-element_type=\"widget\" data-e-type=\"widget\" data-widget_type=\"wd_text_block.default\">\n\t\t\t\t<div class=\"elementor-widget-container\">\n\t\t\t\t\t\t\t<div class=\"wd-text-block reset-last-child text-left\">\n\t\t\t\n\t\t\t<p><a href=\"http:\/\/wa.me\/%E2%80%8E5033863553\"><span class=\"elementor-icon-list-text\">+504 3386-3553<\/span><\/a><\/p>\n\t\t\t\t\t<\/div>\n\t\t\t\t\t\t<\/div>\n\t\t\t\t<\/div>\n\t\t\t\t<\/div>\n\t\t\t\t<\/div>\n\t\t\t\t<\/div>\n\t\t<div class=\"elementor-element elementor-element-7f06e07 e-con-full e-flex e-con e-child\" data-id=\"7f06e07\" data-element_type=\"container\" data-e-type=\"container\" data-settings=\"{&quot;background_background&quot;:&quot;classic&quot;}\">\n\t\t\t\t<div class=\"elementor-element elementor-element-0211bda wd-width-100 elementor-widget elementor-widget-wd_title\" data-id=\"0211bda\" data-element_type=\"widget\" data-e-type=\"widget\" data-widget_type=\"wd_title.default\">\n\t\t\t\t<div class=\"elementor-widget-container\">\n\t\t\t\t\t\t\t<div class=\"title-wrapper wd-set-mb reset-last-child wd-title-color-default wd-title-style-default wd-title-size-default text-left\">\n\n\t\t\t\n\t\t\t<div class=\"liner-continer\">\n\t\t\t\t<h4 class=\"woodmart-title-container title wd-fontsize-l\">Cont\u00e1ctanos<\/h4> \n\t\t\t\t\t\t\t<\/div>\n\n\t\t\t\t\t<\/div>\n\t\t\t\t\t\t<\/div>\n\t\t\t\t<\/div>\n\t\t\t\t<div class=\"elementor-element elementor-element-da6f7a9 wd-cf7 elementor-widget elementor-widget-wd_contact_form_7\" data-id=\"da6f7a9\" data-element_type=\"widget\" data-e-type=\"widget\" data-widget_type=\"wd_contact_form_7.default\">\n\t\t\t\t<div class=\"elementor-widget-container\">\n\t\t\t\t\t\n<div class=\"wpcf7 no-js\" id=\"wpcf7-f1307-o1\" lang=\"en-US\" dir=\"ltr\" data-wpcf7-id=\"1307\">\n<div class=\"screen-reader-response\"><p role=\"status\" aria-live=\"polite\" aria-atomic=\"true\"><\/p> <ul><\/ul><\/div>\n<form action=\"\/en\/wp-json\/wp\/v2\/pages\/941#wpcf7-f1307-o1\" method=\"post\" class=\"wpcf7-form init\" aria-label=\"Contact form\" novalidate=\"novalidate\" data-status=\"init\" data-trp-original-action=\"\/en\/wp-json\/wp\/v2\/pages\/941#wpcf7-f1307-o1\">\n<fieldset class=\"hidden-fields-container\"><input type=\"hidden\" name=\"_wpcf7\" value=\"1307\" \/><input type=\"hidden\" name=\"_wpcf7_version\" value=\"6.1.5\" \/><input type=\"hidden\" name=\"_wpcf7_locale\" value=\"en_US\" \/><input type=\"hidden\" name=\"_wpcf7_unit_tag\" value=\"wpcf7-f1307-o1\" \/><input type=\"hidden\" name=\"_wpcf7_container_post\" value=\"0\" \/><input type=\"hidden\" name=\"_wpcf7_posted_data_hash\" value=\"\" \/>\n<\/fieldset>\n<div class=\"wd-grid-g\">\n\t<div class=\"wd-grid-f-stretch\">\n\t\t<p class=\"wd-col\"><span class=\"wpcf7-form-control-wrap\" data-name=\"First\"><input size=\"40\" maxlength=\"400\" class=\"wpcf7-form-control wpcf7-text wpcf7-validates-as-required\" aria-required=\"true\" aria-invalid=\"false\" placeholder=\"Nombre\" value=\"\" type=\"text\" name=\"First\" \/><\/span>\n\t\t<\/p>\n\t\t<p class=\"wd-col\"><span class=\"wpcf7-form-control-wrap\" data-name=\"Last\"><input size=\"40\" maxlength=\"400\" class=\"wpcf7-form-control wpcf7-text wpcf7-validates-as-required\" aria-required=\"true\" aria-invalid=\"false\" placeholder=\"Apellido\" value=\"\" type=\"text\" name=\"Last\" \/><\/span>\n\t\t<\/p>\n\t<\/div>\n\t<p class=\"wd-col\"><span class=\"wpcf7-form-control-wrap\" data-name=\"Last\"><input size=\"40\" maxlength=\"400\" class=\"wpcf7-form-control wpcf7-text wpcf7-validates-as-required\" aria-required=\"true\" aria-invalid=\"false\" placeholder=\"Email\" value=\"\" type=\"text\" name=\"Last\" \/><\/span>\n\t<\/p>\n\t<p class=\"wd-col\"><span class=\"wpcf7-form-control-wrap\" data-name=\"your-message\"><textarea cols=\"40\" rows=\"10\" maxlength=\"2000\" class=\"wpcf7-form-control wpcf7-textarea\" aria-invalid=\"false\" placeholder=\"Mensaje\" name=\"your-message\"><\/textarea><\/span>\n\t<\/p>\n\t<p class=\"wd-col\"><input class=\"wpcf7-form-control wpcf7-submit has-spinner btn btn-color-primary\" type=\"submit\" value=\"Enviar\" \/>\n\t<\/p>\n<\/div><div class=\"wpcf7-response-output\" aria-hidden=\"true\"><\/div>\n<input type=\"hidden\" name=\"trp-form-language\" value=\"en\"\/><\/form>\n<\/div>\n\t\t\t\t<\/div>\n\t\t\t\t<\/div>\n\t\t\t\t<\/div>\n\t\t\t\t\t<\/div>\n\t\t\t\t<\/div>\n\t\t<div class=\"wd-negative-gap elementor-element elementor-element-f7ae87f e-flex e-con-boxed e-con e-parent\" data-id=\"f7ae87f\" data-element_type=\"container\" data-e-type=\"container\" id=\"faq\">\n\t\t\t\t\t<div class=\"e-con-inner\">\n\t\t\t\t<div class=\"elementor-element elementor-element-3630f00 wd-width-100 elementor-widget elementor-widget-wd_title\" data-id=\"3630f00\" data-element_type=\"widget\" data-e-type=\"widget\" data-widget_type=\"wd_title.default\">\n\t\t\t\t<div class=\"elementor-widget-container\">\n\t\t\t\t\t\t\t<div class=\"title-wrapper wd-set-mb reset-last-child wd-title-color-default wd-title-style-default wd-title-size-default text-left\">\n\n\t\t\t\n\t\t\t<div class=\"liner-continer\">\n\t\t\t\t<h4 class=\"woodmart-title-container title wd-fontsize-l\">Preguntas Frecuentes<\/h4> \n\t\t\t\t\t\t\t<\/div>\n\n\t\t\t\t\t<\/div>\n\t\t\t\t\t\t<\/div>\n\t\t\t\t<\/div>\n\t\t<div class=\"elementor-element elementor-element-c9bee21 e-con-full e-flex e-con e-child\" data-id=\"c9bee21\" data-element_type=\"container\" data-e-type=\"container\">\n\t\t<div class=\"elementor-element elementor-element-5ae2836 e-con-full e-flex e-con e-child\" data-id=\"5ae2836\" data-element_type=\"container\" data-e-type=\"container\">\n\t\t\t\t<div class=\"elementor-element elementor-element-828425c elementor-widget elementor-widget-wd_accordion\" data-id=\"828425c\" data-element_type=\"widget\" data-e-type=\"widget\" data-widget_type=\"wd_accordion.default\">\n\t\t\t\t<div class=\"elementor-widget-container\">\n\t\t\t\t\t\n\t\t<div class=\"wd-accordion wd-style-default wd-border-off wd-titles-left wd-opener-pos-right wd-opener-style-plus\" data-state=\"all_closed\">\n\t\t\t\t\t\t\t\n\t\t\t\t<div class=\"wd-accordion-item\">\n\t\t\t\t\t<div class=\"wd-accordion-title wd-role-btn\" data-accordion-index=\"0\" tabindex=\"0\">\n\t\t\t\t\t\t<div class=\"wd-accordion-title-text\">\n\t\t\t\t\t\t\t\t\t\t\t\t\t\t<span>\n\t\t\t\t\t\t\t\t\u00bfLos productos tienen garant\u00eda?\t\t\t\t\t\t\t<\/span>\n\t\t\t\t\t\t<\/div>\n\t\t\t\t\t\t<span class=\"wd-accordion-opener\"><\/span>\n\t\t\t\t\t<\/div>\n\n\t\t\t\t\t<div class=\"wd-accordion-content wd-entry-content\" data-accordion-index=\"0\">\n\t\t\t\t\t\t\t\t\t\t\t\t\t\n\t\t\t\t\t\t\t<p data-start=\"2426\" data-end=\"2541\">S\u00ed, todos nuestros productos cuentan con garant\u00eda por defectos de f\u00e1brica.<\/p><p data-start=\"2543\" data-end=\"2632\">\u00a0<\/p>\n\t\t\t\t\t\t\t\t\t\t\t\t\t\t\t\t\t\t<\/div>\n\t\t\t\t<\/div>\n\t\t\t\t\t\t\t\n\t\t\t\t<div class=\"wd-accordion-item\">\n\t\t\t\t\t<div class=\"wd-accordion-title wd-role-btn\" data-accordion-index=\"1\" tabindex=\"0\">\n\t\t\t\t\t\t<div class=\"wd-accordion-title-text\">\n\t\t\t\t\t\t\t\t\t\t\t\t\t\t<span>\n\t\t\t\t\t\t\t\t\u00bfCu\u00e1nto tarda el env\u00edo?\t\t\t\t\t\t\t<\/span>\n\t\t\t\t\t\t<\/div>\n\t\t\t\t\t\t<span class=\"wd-accordion-opener\"><\/span>\n\t\t\t\t\t<\/div>\n\n\t\t\t\t\t<div class=\"wd-accordion-content wd-entry-content\" data-accordion-index=\"1\">\n\t\t\t\t\t\t\t\t\t\t\t\t\t\n\t\t\t\t\t\t\t<p data-start=\"2543\" data-end=\"2632\">Entre 24 y 72 horas h\u00e1biles dependiendo de la ubicaci\u00f3n.<\/p>\n\t\t\t\t\t\t\t\t\t\t\t\t\t\t\t\t\t\t<\/div>\n\t\t\t\t<\/div>\n\t\t\t\t\t\t\t\n\t\t\t\t<div class=\"wd-accordion-item\">\n\t\t\t\t\t<div class=\"wd-accordion-title wd-role-btn\" data-accordion-index=\"2\" tabindex=\"0\">\n\t\t\t\t\t\t<div class=\"wd-accordion-title-text\">\n\t\t\t\t\t\t\t\t\t\t\t\t\t\t<span>\n\t\t\t\t\t\t\t\t\u00bfHacen env\u00edos a todo el pa\u00eds?\t\t\t\t\t\t\t<\/span>\n\t\t\t\t\t\t<\/div>\n\t\t\t\t\t\t<span class=\"wd-accordion-opener\"><\/span>\n\t\t\t\t\t<\/div>\n\n\t\t\t\t\t<div class=\"wd-accordion-content wd-entry-content\" data-accordion-index=\"2\">\n\t\t\t\t\t\t\t\t\t\t\t\t\t\n\t\t\t\t\t\t\t<p data-start=\"2634\" data-end=\"2712\">S\u00ed, realizamos env\u00edos a nivel nacional.<\/p><p data-start=\"2714\" data-end=\"2824\">\u00a0<\/p>\n\t\t\t\t\t\t\t\t\t\t\t\t\t\t\t\t\t\t<\/div>\n\t\t\t\t<\/div>\n\t\t\t\t\t\t\t\n\t\t\t\t<div class=\"wd-accordion-item\">\n\t\t\t\t\t<div class=\"wd-accordion-title wd-role-btn\" data-accordion-index=\"3\" tabindex=\"0\">\n\t\t\t\t\t\t<div class=\"wd-accordion-title-text\">\n\t\t\t\t\t\t\t\t\t\t\t\t\t\t<span>\n\t\t\t\t\t\t\t\t\u00bfPuedo cambiar un producto?\t\t\t\t\t\t\t<\/span>\n\t\t\t\t\t\t<\/div>\n\t\t\t\t\t\t<span class=\"wd-accordion-opener\"><\/span>\n\t\t\t\t\t<\/div>\n\n\t\t\t\t\t<div class=\"wd-accordion-content wd-entry-content\" data-accordion-index=\"3\">\n\t\t\t\t\t\t\t\t\t\t\t\t\t\n\t\t\t\t\t\t\t<p data-start=\"2714\" data-end=\"2824\">Solo en casos de fallas de f\u00e1brica, seg\u00fan nuestras pol\u00edticas de garant\u00eda.<\/p><p data-start=\"2826\" data-end=\"2927\">\u00a0<\/p>\n\t\t\t\t\t\t\t\t\t\t\t\t\t\t\t\t\t\t<\/div>\n\t\t\t\t<\/div>\n\t\t\t\t\t<\/div>\n\t\t\t\t\t\t<\/div>\n\t\t\t\t<\/div>\n\t\t\t\t<\/div>\n\t\t<div class=\"elementor-element elementor-element-6e4d4d7 e-con-full e-flex e-con e-child\" data-id=\"6e4d4d7\" data-element_type=\"container\" data-e-type=\"container\">\n\t\t\t\t<div class=\"elementor-element elementor-element-c020689 elementor-widget elementor-widget-wd_accordion\" data-id=\"c020689\" data-element_type=\"widget\" data-e-type=\"widget\" data-widget_type=\"wd_accordion.default\">\n\t\t\t\t<div class=\"elementor-widget-container\">\n\t\t\t\t\t\n\t\t<div class=\"wd-accordion wd-style-default wd-border-off wd-titles-left wd-opener-pos-right wd-opener-style-plus\" data-state=\"all_closed\">\n\t\t\t\t\t\t\t\n\t\t\t\t<div class=\"wd-accordion-item\">\n\t\t\t\t\t<div class=\"wd-accordion-title wd-role-btn\" data-accordion-index=\"0\" tabindex=\"0\">\n\t\t\t\t\t\t<div class=\"wd-accordion-title-text\">\n\t\t\t\t\t\t\t\t\t\t\t\t\t\t<span>\n\t\t\t\t\t\t\t\t\u00bfQu\u00e9 m\u00e9todos de pago aceptan?\t\t\t\t\t\t\t<\/span>\n\t\t\t\t\t\t<\/div>\n\t\t\t\t\t\t<span class=\"wd-accordion-opener\"><\/span>\n\t\t\t\t\t<\/div>\n\n\t\t\t\t\t<div class=\"wd-accordion-content wd-entry-content\" data-accordion-index=\"0\">\n\t\t\t\t\t\t\t\t\t\t\t\t\t\n\t\t\t\t\t\t\t<p data-start=\"2826\" data-end=\"2927\">Transferencias bancarias y otros m\u00e9todos seg\u00fan disponibilidad. Tambien puedes coordinar pago via Whatsapp<\/p>\n\t\t\t\t\t\t\t\t\t\t\t\t\t\t\t\t\t\t<\/div>\n\t\t\t\t<\/div>\n\t\t\t\t\t\t\t\n\t\t\t\t<div class=\"wd-accordion-item\">\n\t\t\t\t\t<div class=\"wd-accordion-title wd-role-btn\" data-accordion-index=\"1\" tabindex=\"0\">\n\t\t\t\t\t\t<div class=\"wd-accordion-title-text\">\n\t\t\t\t\t\t\t\t\t\t\t\t\t\t<span>\n\t\t\t\t\t\t\t\t\u00bfPuedo solicitar productos espec\u00edficos?\t\t\t\t\t\t\t<\/span>\n\t\t\t\t\t\t<\/div>\n\t\t\t\t\t\t<span class=\"wd-accordion-opener\"><\/span>\n\t\t\t\t\t<\/div>\n\n\t\t\t\t\t<div class=\"wd-accordion-content wd-entry-content\" data-accordion-index=\"1\">\n\t\t\t\t\t\t\t\t\t\t\t\t\t\n\t\t\t\t\t\t\t<p data-start=\"2929\" data-end=\"3048\">S\u00ed, trabajamos con importaci\u00f3n y podemos gestionar pedidos especiales. Manejamos cat\u00e1logos en donde encontraras diversos productos. Cotiza con nosotros<\/p>\n\t\t\t\t\t\t\t\t\t\t\t\t\t\t\t\t\t\t<\/div>\n\t\t\t\t<\/div>\n\t\t\t\t\t\t\t\n\t\t\t\t<div class=\"wd-accordion-item\">\n\t\t\t\t\t<div class=\"wd-accordion-title wd-role-btn\" data-accordion-index=\"2\" tabindex=\"0\">\n\t\t\t\t\t\t<div class=\"wd-accordion-title-text\">\n\t\t\t\t\t\t\t\t\t\t\t\t\t\t<span>\n\t\t\t\t\t\t\t\t\u00bfQu\u00e9 pasa si mi producto llega da\u00f1ado?\t\t\t\t\t\t\t<\/span>\n\t\t\t\t\t\t<\/div>\n\t\t\t\t\t\t<span class=\"wd-accordion-opener\"><\/span>\n\t\t\t\t\t<\/div>\n\n\t\t\t\t\t<div class=\"wd-accordion-content wd-entry-content\" data-accordion-index=\"2\">\n\t\t\t\t\t\t\t\t\t\t\t\t\t\n\t\t\t\t\t\t\t<p data-start=\"77\" data-end=\"296\">Debe reportarlo inmediatamente al momento de la entrega o dentro de las primeras 24 horas, enviando evidencia (fotos o videos) para gestionar la revisi\u00f3n y posible cambio.<\/p><p data-start=\"298\" data-end=\"465\">\u00a0<\/p>\n\t\t\t\t\t\t\t\t\t\t\t\t\t\t\t\t\t\t<\/div>\n\t\t\t\t<\/div>\n\t\t\t\t\t\t\t\n\t\t\t\t<div class=\"wd-accordion-item\">\n\t\t\t\t\t<div class=\"wd-accordion-title wd-role-btn\" data-accordion-index=\"3\" tabindex=\"0\">\n\t\t\t\t\t\t<div class=\"wd-accordion-title-text\">\n\t\t\t\t\t\t\t\t\t\t\t\t\t\t<span>\n\t\t\t\t\t\t\t\t\u00bfOfrecen asesor\u00eda antes de comprar?\t\t\t\t\t\t\t<\/span>\n\t\t\t\t\t\t<\/div>\n\t\t\t\t\t\t<span class=\"wd-accordion-opener\"><\/span>\n\t\t\t\t\t<\/div>\n\n\t\t\t\t\t<div class=\"wd-accordion-content wd-entry-content\" data-accordion-index=\"3\">\n\t\t\t\t\t\t\t\t\t\t\t\t\t\n\t\t\t\t\t\t\t<p>S\u00ed, nuestro equipo brinda asesor\u00eda personalizada para ayudarte a elegir el producto que mejor se adapte a tus necesidades.<\/p>\n\t\t\t\t\t\t\t\t\t\t\t\t\t\t\t\t\t\t<\/div>\n\t\t\t\t<\/div>\n\t\t\t\t\t<\/div>\n\t\t\t\t\t\t<\/div>\n\t\t\t\t<\/div>\n\t\t\t\t<\/div>\n\t\t\t\t<\/div>\n\t\t\t\t\t<\/div>\n\t\t\t\t<\/div>\n\t\t\t\t<\/div>","protected":false},"excerpt":{"rendered":"<p>HomeP\u00e1gina Contacto N\u00fameros de atenci\u00f3n Oficina \u00a0\u200e+504 2204-4289 Asesor +504 3386-3553 Cont\u00e1ctanos Preguntas Frecuentes \u00bfLos productos tienen garant\u00eda? S\u00ed, todos<\/p>","protected":false},"author":1,"featured_media":0,"parent":0,"menu_order":0,"comment_status":"closed","ping_status":"closed","template":"","meta":{"_joinchat":[],"footnotes":""},"class_list":["post-941","page","type-page","status-publish","hentry"],"_hostinger_reach_plugin_has_subscription_block":false,"_hostinger_reach_plugin_is_elementor":false,"_links":{"self":[{"href":"https:\/\/smartbizhn.com\/en\/wp-json\/wp\/v2\/pages\/941","targetHints":{"allow":["GET"]}}],"collection":[{"href":"https:\/\/smartbizhn.com\/en\/wp-json\/wp\/v2\/pages"}],"about":[{"href":"https:\/\/smartbizhn.com\/en\/wp-json\/wp\/v2\/types\/page"}],"author":[{"embeddable":true,"href":"https:\/\/smartbizhn.com\/en\/wp-json\/wp\/v2\/users\/1"}],"replies":[{"embeddable":true,"href":"https:\/\/smartbizhn.com\/en\/wp-json\/wp\/v2\/comments?post=941"}],"version-history":[{"count":7,"href":"https:\/\/smartbizhn.com\/en\/wp-json\/wp\/v2\/pages\/941\/revisions"}],"predecessor-version":[{"id":3433,"href":"https:\/\/smartbizhn.com\/en\/wp-json\/wp\/v2\/pages\/941\/revisions\/3433"}],"wp:attachment":[{"href":"https:\/\/smartbizhn.com\/en\/wp-json\/wp\/v2\/media?parent=941"}],"curies":[{"name":"wp","href":"https:\/\/api.w.org\/{rel}","templated":true}]}}