{"id":2436,"date":"2026-03-17T18:40:25","date_gmt":"2026-03-17T18:40:25","guid":{"rendered":"https:\/\/smartbizhn.com\/producto\/redmi-buds-6-play\/"},"modified":"2026-03-28T17:07:41","modified_gmt":"2026-03-28T23:07:41","slug":"redmi-buds-6-play","status":"publish","type":"product","link":"https:\/\/smartbizhn.com\/en\/product\/redmi-buds-6-play\/","title":{"rendered":"REDMI BUDS 6 PLAY"},"content":{"rendered":"<p data-start=\"364\" data-end=\"670\">Auriculares inal\u00e1mbricos dise\u00f1ados para ofrecer una experiencia c\u00f3moda, pr\u00e1ctica y con buen rendimiento en el d\u00eda a d\u00eda. Incorporan un <strong data-start=\"499\" data-end=\"527\">driver din\u00e1mico de 10 mm<\/strong>, que proporciona un sonido m\u00e1s potente y equilibrado, con buenos graves y claridad en la reproducci\u00f3n.<\/p>\n<p data-start=\"672\" data-end=\"872\">Gracias a su conexi\u00f3n <strong data-start=\"694\" data-end=\"711\">Bluetooth 5.4<\/strong>, ofrecen una conexi\u00f3n m\u00e1s r\u00e1pida, estable y con menor latencia, ideal para m\u00fasica, videos y llamadas sin interrupciones.<\/p>\n<p data-start=\"874\" data-end=\"1097\">Cuentan con tecnolog\u00eda de <strong data-start=\"900\" data-end=\"941\">reducci\u00f3n de ruido por IA en llamadas<\/strong>, que ayuda a mejorar la claridad de la voz incluso en ambientes con ruido, haciendo las conversaciones m\u00e1s limpias.<\/p>\n<p data-start=\"1099\" data-end=\"1358\">Uno de sus puntos m\u00e1s fuertes es la bater\u00eda, con hasta <strong data-start=\"1154\" data-end=\"1225\">7.5 horas de uso por carga y hasta 36 horas en total con el estuche<\/strong>, permitiendo utilizarlos durante todo el d\u00eda sin preocuparte por recargarlos constantemente.<\/p>\n<p data-start=\"1360\" data-end=\"1562\">Adem\u00e1s, incluyen <strong data-start=\"1377\" data-end=\"1393\">carga r\u00e1pida<\/strong>, donde con solo 10 minutos obtienes varias horas de reproducci\u00f3n, ideal para momentos en los que necesitas usarlos de inmediato.<\/p>\n<p data-start=\"1564\" data-end=\"1758\">Su dise\u00f1o ligero y c\u00f3modo (aprox. 3.6g por aud\u00edfono) permite utilizarlos durante largos periodos sin incomodidad, adapt\u00e1ndose perfectamente al uso diario.<\/p>","protected":false},"excerpt":{"rendered":"<h1><strong>Sonido potente, bater\u00eda de larga duraci\u00f3n y conexi\u00f3n Bluetooth estable.<\/strong><br data-start=\"273\" data-end=\"276\" \/><strong>Ideales para m\u00fasica, llamadas y uso diario sin cables.<\/strong><\/h1>","protected":false},"featured_media":2607,"comment_status":"open","ping_status":"closed","template":"","meta":{"_joinchat":[]},"product_brand":[120,55],"product_cat":[27],"product_tag":[],"class_list":{"0":"post-2436","1":"product","2":"type-product","3":"status-publish","4":"has-post-thumbnail","6":"product_brand-redmi","7":"product_brand-xiaomi","8":"product_cat-audio","10":"first","11":"outofstock","12":"shipping-taxable","13":"product-type-simple"},"_links":{"self":[{"href":"https:\/\/smartbizhn.com\/en\/wp-json\/wp\/v2\/product\/2436","targetHints":{"allow":["GET"]}}],"collection":[{"href":"https:\/\/smartbizhn.com\/en\/wp-json\/wp\/v2\/product"}],"about":[{"href":"https:\/\/smartbizhn.com\/en\/wp-json\/wp\/v2\/types\/product"}],"replies":[{"embeddable":true,"href":"https:\/\/smartbizhn.com\/en\/wp-json\/wp\/v2\/comments?post=2436"}],"version-history":[{"count":2,"href":"https:\/\/smartbizhn.com\/en\/wp-json\/wp\/v2\/product\/2436\/revisions"}],"predecessor-version":[{"id":3081,"href":"https:\/\/smartbizhn.com\/en\/wp-json\/wp\/v2\/product\/2436\/revisions\/3081"}],"wp:featuredmedia":[{"embeddable":true,"href":"https:\/\/smartbizhn.com\/en\/wp-json\/wp\/v2\/media\/2607"}],"wp:attachment":[{"href":"https:\/\/smartbizhn.com\/en\/wp-json\/wp\/v2\/media?parent=2436"}],"wp:term":[{"taxonomy":"product_brand","embeddable":true,"href":"https:\/\/smartbizhn.com\/en\/wp-json\/wp\/v2\/product_brand?post=2436"},{"taxonomy":"product_cat","embeddable":true,"href":"https:\/\/smartbizhn.com\/en\/wp-json\/wp\/v2\/product_cat?post=2436"},{"taxonomy":"product_tag","embeddable":true,"href":"https:\/\/smartbizhn.com\/en\/wp-json\/wp\/v2\/product_tag?post=2436"}],"curies":[{"name":"wp","href":"https:\/\/api.w.org\/{rel}","templated":true}]}}