{"id":2979,"date":"2026-03-20T00:10:30","date_gmt":"2026-03-20T00:10:30","guid":{"rendered":"https:\/\/smartbizhn.com\/?post_type=product&#038;p=2979"},"modified":"2026-05-07T13:49:41","modified_gmt":"2026-05-07T19:49:41","slug":"apple-ipad-11th-generation","status":"publish","type":"product","link":"https:\/\/smartbizhn.com\/en\/product\/apple-ipad-11th-generation\/","title":{"rendered":"APPLE IPAD 11TH GENERATION"},"content":{"rendered":"<h2 class=\"a-size-base-plus a-text-bold\">Sobre este art\u00edculo<\/h2>\n<ul class=\"a-unordered-list a-vertical a-spacing-mini\">\n<li class=\"a-spacing-mini\"><span class=\"a-list-item\">\u00bfPor qu\u00e9 iPad? El iPad de 11 pulgadas ahora es m\u00e1s capaz que nunca con el chip A16 s\u00faper r\u00e1pido, una impresionante pantalla Liquid Retina, c\u00e1maras avanzadas, Wi-Fi r\u00e1pido, conector USB-C y cuatro hermosos colores. * El iPad ofrece una forma poderosa de crear, mantenerse conectado y hacer las cosas.<\/span><\/li>\n<li class=\"a-spacing-mini\"><span class=\"a-list-item\">Rendimiento y almacenamiento: el chip A16 s\u00faper r\u00e1pido ofrece un aumento en el rendimiento para tus actividades favoritas. Y con una bater\u00eda que dura todo el d\u00eda, el iPad es perfecto para jugar juegos inmersivos y editar fotos y videos. * El almacenamiento comienza en 128 GB y sube a 512 GB. *<\/span><\/li>\n<li class=\"a-spacing-mini\"><span class=\"a-list-item\">Pantalla Retina l\u00edquida de 11 pulgadas: la maravillosa pantalla Liquid Retina es una manera incre\u00edble de ver pel\u00edculas o dibujar tu pr\u00f3xima obra maestra. * True Tone ajusta la pantalla a la temperatura de color de la habitaci\u00f3n para hacer que la visualizaci\u00f3n sea c\u00f3moda bajo cualquier luz.<\/span><\/li>\n<li class=\"a-spacing-mini\"><span class=\"a-list-item\">IPADOS + APPS: iPadOS hace que el iPad sea m\u00e1s productivo, intuitivo y vers\u00e1til. Con iPadOS, ejecuta varias aplicaciones al mismo tiempo, usa Apple Pencil para escribir en cualquier campo de texto con Scribble, y edita y comparte fotos. * iPad viene con aplicaciones esenciales como Safari, Mensajes y Keynote, con m\u00e1s de un mill\u00f3n de aplicaciones m\u00e1s dise\u00f1adas espec\u00edficamente para iPad disponibles en la App Store.<\/span><\/li>\n<li class=\"a-spacing-mini\"><span class=\"a-list-item\">Conectividad Wi-Fi r\u00e1pida: Wi-Fi 6 te da acceso r\u00e1pido a tus archivos, cargas y descargas, y te permite transmitir sin problemas tus programas favoritos.<\/span><\/li>\n<li class=\"a-spacing-mini\"><span class=\"a-list-item\">APPLE PENCIL Y MAGIC KEYBOARD FOLIO \u2014 Con el Apple Pencil (USB-C), el iPad se transforma en un lienzo de dibujo inmersivo y el mejor dispositivo para tomar notas del mundo. * El Magic Keyboard Folio cuenta con un dise\u00f1o vers\u00e1til de dos piezas con un teclado desmontable y un panel trasero protector que se fijan magn\u00e9ticamente al iPad. * Apple Pencil (1.\u00aa generaci\u00f3n) tambi\u00e9n es compatible con iPad. *<\/span><\/li>\n<li class=\"a-spacing-mini\"><span class=\"a-list-item\">Desbloquea y paga con Touch ID: Touch ID est\u00e1 integrado en el bot\u00f3n superior, por lo que puedes usar tu huella digital para desbloquear tu iPad, iniciar sesi\u00f3n en aplicaciones y realizar pagos de forma segura con Apple Pay.<\/span><\/li>\n<\/ul>\n<div class=\"a-row a-expander-container a-expander-inline-container\">\n<div class=\"a-expander-content a-expander-extend-content a-expander-content-expanded\" data-expanded=\"true\">\n<ul class=\"a-unordered-list a-vertical a-spacing-none\">\n<li class=\"a-spacing-mini\"><span class=\"a-list-item\">C\u00c1MARAS AVANZADAS \u2014 El iPad cuenta con una c\u00e1mara frontal Center Stage de 12 MP que es perfecta para videollamadas y selfies. La c\u00e1mara trasera de 12 MP con flash True Tone es perfecta para escanear documentos y capturar fotos y videos en 4K.<\/span><\/li>\n<li class=\"a-spacing-mini\"><span class=\"a-list-item\">* DESCARGO DE RESPONSABILIDADES LEGALES \u2014 Este es un resumen de las principales caracter\u00edsticas del producto. Vea a continuaci\u00f3n para obtener m\u00e1s informaci\u00f3n.<\/span><\/li>\n<\/ul>\n<\/div>\n<\/div>","protected":false},"excerpt":{"rendered":"<h1 id=\"title\" class=\"a-size-large a-spacing-none\"><span style=\"color: #000000;\"><strong><span id=\"productTitle\" class=\"a-size-large product-title-word-break\">Apple iPad de 11 pulgadas: chip A16, modelo de 11 pulgadas, pantalla Liquid Retina, 128 GB, Wi-Fi 6, c\u00e1mara frontal de 12 MP\/trasera de 12 MP, Touch ID, duraci\u00f3n de la bater\u00eda durante todo el d\u00eda<\/span><\/strong><\/span><\/h1>","protected":false},"featured_media":2983,"comment_status":"open","ping_status":"closed","template":"","meta":{"_joinchat":[]},"product_brand":[52],"product_cat":[25],"product_tag":[],"class_list":{"0":"post-2979","1":"product","2":"type-product","3":"status-publish","4":"has-post-thumbnail","6":"product_brand-apple","7":"product_cat-tablets","9":"first","10":"instock","11":"sale","12":"shipping-taxable","13":"purchasable","14":"product-type-simple"},"_links":{"self":[{"href":"https:\/\/smartbizhn.com\/en\/wp-json\/wp\/v2\/product\/2979","targetHints":{"allow":["GET"]}}],"collection":[{"href":"https:\/\/smartbizhn.com\/en\/wp-json\/wp\/v2\/product"}],"about":[{"href":"https:\/\/smartbizhn.com\/en\/wp-json\/wp\/v2\/types\/product"}],"replies":[{"embeddable":true,"href":"https:\/\/smartbizhn.com\/en\/wp-json\/wp\/v2\/comments?post=2979"}],"version-history":[{"count":9,"href":"https:\/\/smartbizhn.com\/en\/wp-json\/wp\/v2\/product\/2979\/revisions"}],"predecessor-version":[{"id":3039,"href":"https:\/\/smartbizhn.com\/en\/wp-json\/wp\/v2\/product\/2979\/revisions\/3039"}],"wp:featuredmedia":[{"embeddable":true,"href":"https:\/\/smartbizhn.com\/en\/wp-json\/wp\/v2\/media\/2983"}],"wp:attachment":[{"href":"https:\/\/smartbizhn.com\/en\/wp-json\/wp\/v2\/media?parent=2979"}],"wp:term":[{"taxonomy":"product_brand","embeddable":true,"href":"https:\/\/smartbizhn.com\/en\/wp-json\/wp\/v2\/product_brand?post=2979"},{"taxonomy":"product_cat","embeddable":true,"href":"https:\/\/smartbizhn.com\/en\/wp-json\/wp\/v2\/product_cat?post=2979"},{"taxonomy":"product_tag","embeddable":true,"href":"https:\/\/smartbizhn.com\/en\/wp-json\/wp\/v2\/product_tag?post=2979"}],"curies":[{"name":"wp","href":"https:\/\/api.w.org\/{rel}","templated":true}]}}