{"id":3413,"date":"2026-03-25T00:56:16","date_gmt":"2026-03-25T00:56:16","guid":{"rendered":"https:\/\/smartbizhn.com\/?post_type=product&#038;p=3413"},"modified":"2026-03-29T22:51:43","modified_gmt":"2026-03-30T04:51:43","slug":"t-788","status":"publish","type":"product","link":"https:\/\/smartbizhn.com\/en\/product\/t-788\/","title":{"rendered":"SB-SERIES T788"},"content":{"rendered":"<p data-start=\"396\" data-end=\"586\">Este tel\u00e9fono cl\u00e1sico est\u00e1 dise\u00f1ado para ofrecer funcionalidad, autonom\u00eda y practicidad en el d\u00eda a d\u00eda, combinando caracter\u00edsticas esenciales con un dise\u00f1o moderno inspirado en smartphones.<\/p>\n<p data-start=\"588\" data-end=\"774\">Cuenta con bater\u00eda de larga duraci\u00f3n, permitiendo varios d\u00edas de uso continuo sin necesidad de carga frecuente, ideal para quienes buscan un equipo confiable para trabajo o uso personal.<\/p>\n<p data-start=\"776\" data-end=\"969\">Integra soporte para triple SIM, facilitando el manejo de m\u00faltiples l\u00edneas en un solo dispositivo, especialmente \u00fatil para negocios, distribuci\u00f3n o usuarios que operan con diferentes compa\u00f1\u00edas.<\/p>\n<p data-start=\"971\" data-end=\"1160\">Incorpora una linterna LED de alta potencia, perfecta para uso nocturno o situaciones de emergencia, adem\u00e1s de radio FM inal\u00e1mbrica que permite entretenimiento sin necesidad de auriculares.<\/p>\n<p data-start=\"1162\" data-end=\"1289\">Su pantalla amplia brinda una visualizaci\u00f3n c\u00f3moda, mientras que el teclado f\u00edsico asegura un uso r\u00e1pido, sencillo y eficiente.<\/p>\n<p data-start=\"1291\" data-end=\"1490\">Su presentaci\u00f3n con logo tipo Nokia gen\u00e9rico, junto con su dise\u00f1o moderno, lo convierten en una opci\u00f3n atractiva dentro de los tel\u00e9fonos cl\u00e1sicos, combinando estilo y funcionalidad en un solo equipo.<\/p>","protected":false},"excerpt":{"rendered":"<h1 data-start=\"90\" data-end=\"361\"><strong>Tel\u00e9fono cl\u00e1sico con dise\u00f1o moderno, bater\u00eda de larga duraci\u00f3n y soporte para triple SIM. Incluye linterna potente, radio FM inal\u00e1mbrica y teclado f\u00edsico para uso pr\u00e1ctico y confiable. Su presentaci\u00f3n con logo tipo Nokia gen\u00e9rico lo hace atractivo dentro de su categor\u00eda.<\/strong><\/h1>","protected":false},"featured_media":3414,"comment_status":"open","ping_status":"closed","template":"","meta":{"_joinchat":[]},"product_brand":[133],"product_cat":[127],"product_tag":[],"class_list":{"0":"post-3413","1":"product","2":"type-product","3":"status-publish","4":"has-post-thumbnail","6":"product_brand-smartbiz-series","7":"product_cat-basicos","9":"first","10":"instock","11":"sale","12":"shipping-taxable","13":"purchasable","14":"product-type-simple"},"_links":{"self":[{"href":"https:\/\/smartbizhn.com\/en\/wp-json\/wp\/v2\/product\/3413","targetHints":{"allow":["GET"]}}],"collection":[{"href":"https:\/\/smartbizhn.com\/en\/wp-json\/wp\/v2\/product"}],"about":[{"href":"https:\/\/smartbizhn.com\/en\/wp-json\/wp\/v2\/types\/product"}],"replies":[{"embeddable":true,"href":"https:\/\/smartbizhn.com\/en\/wp-json\/wp\/v2\/comments?post=3413"}],"version-history":[{"count":5,"href":"https:\/\/smartbizhn.com\/en\/wp-json\/wp\/v2\/product\/3413\/revisions"}],"predecessor-version":[{"id":3452,"href":"https:\/\/smartbizhn.com\/en\/wp-json\/wp\/v2\/product\/3413\/revisions\/3452"}],"wp:featuredmedia":[{"embeddable":true,"href":"https:\/\/smartbizhn.com\/en\/wp-json\/wp\/v2\/media\/3414"}],"wp:attachment":[{"href":"https:\/\/smartbizhn.com\/en\/wp-json\/wp\/v2\/media?parent=3413"}],"wp:term":[{"taxonomy":"product_brand","embeddable":true,"href":"https:\/\/smartbizhn.com\/en\/wp-json\/wp\/v2\/product_brand?post=3413"},{"taxonomy":"product_cat","embeddable":true,"href":"https:\/\/smartbizhn.com\/en\/wp-json\/wp\/v2\/product_cat?post=3413"},{"taxonomy":"product_tag","embeddable":true,"href":"https:\/\/smartbizhn.com\/en\/wp-json\/wp\/v2\/product_tag?post=3413"}],"curies":[{"name":"wp","href":"https:\/\/api.w.org\/{rel}","templated":true}]}}